{"id":412,"date":"2026-05-14T15:55:32","date_gmt":"2026-05-14T18:55:32","guid":{"rendered":"https:\/\/clinicasaofranciscoipiau.com.br\/?page_id=412"},"modified":"2026-05-14T16:03:22","modified_gmt":"2026-05-14T19:03:22","slug":"gastroenterologia-e-endoscopia","status":"publish","type":"page","link":"https:\/\/clinicasaofranciscoipiau.com.br\/index.php\/gastroenterologia-e-endoscopia\/","title":{"rendered":"Gastroenterologia e Endoscopia"},"content":{"rendered":"\n<p class=\"has-large-font-size\"><strong>Gastroenterologia e Endoscopia<\/strong><\/p>\n\n\n\n<figure class=\"wp-block-image size-full\"><img fetchpriority=\"high\" decoding=\"async\" width=\"1024\" height=\"576\" src=\"https:\/\/clinicasaofranciscoipiau.com.br\/wp-content\/uploads\/2026\/05\/image-4.png\" alt=\"\" class=\"wp-image-427\" srcset=\"https:\/\/clinicasaofranciscoipiau.com.br\/wp-content\/uploads\/2026\/05\/image-4.png 1024w, https:\/\/clinicasaofranciscoipiau.com.br\/wp-content\/uploads\/2026\/05\/image-4-300x169.png 300w, https:\/\/clinicasaofranciscoipiau.com.br\/wp-content\/uploads\/2026\/05\/image-4-768x432.png 768w, https:\/\/clinicasaofranciscoipiau.com.br\/wp-content\/uploads\/2026\/05\/image-4-585x329.png 585w\" sizes=\"(max-width: 1024px) 100vw, 1024px\" \/><\/figure>\n\n\n\n<p>Especialidade voltada para o cuidado de todo o trato digestivo, incluindo es\u00f4fago, est\u00f4mago, intestinos, f\u00edgado e p\u00e2ncreas. Atrav\u00e9s da endoscopia, realizamos exames preventivos e diagn\u00f3sticos precisos para garantir a sa\u00fade do sistema digest\u00f3rio.<\/p>\n\n\n\n<ul class=\"wp-block-list\">\n<li><strong>Procedimentos:<\/strong> Realiza\u00e7\u00e3o de exames de endoscopia para identificar gastrites, \u00falceras, refluxos e outras patologias.<\/li>\n\n\n\n<li><strong>Acompanhamento Espec\u00edfico:<\/strong> Al\u00e9m do tratamento cl\u00ednico, o gastroenterologista avalia como doen\u00e7as cr\u00f4nicas digestivas podem interferir na sa\u00fade geral e na capacidade de trabalho do paciente, emitindo laudos t\u00e9cnicos para tratamentos espec\u00edficos e per\u00edcias m\u00e9dicas.<\/li>\n<\/ul>\n","protected":false},"excerpt":{"rendered":"<p>Gastroenterologia e Endoscopia Especialidade voltada para o cuidado de todo o trato digestivo, incluindo es\u00f4fago, est\u00f4mago, intestinos, f\u00edgado e p\u00e2ncreas. Atrav\u00e9s da endoscopia, realizamos exames preventivos e diagn\u00f3sticos precisos para&hellip;<\/p>\n","protected":false},"author":1,"featured_media":0,"parent":0,"menu_order":0,"comment_status":"closed","ping_status":"closed","template":"","meta":{"content-type":"","_lmt_disableupdate":"","_lmt_disable":"","footnotes":""},"class_list":["post-412","page","type-page","status-publish","hentry"],"_links":{"self":[{"href":"https:\/\/clinicasaofranciscoipiau.com.br\/index.php\/wp-json\/wp\/v2\/pages\/412","targetHints":{"allow":["GET"]}}],"collection":[{"href":"https:\/\/clinicasaofranciscoipiau.com.br\/index.php\/wp-json\/wp\/v2\/pages"}],"about":[{"href":"https:\/\/clinicasaofranciscoipiau.com.br\/index.php\/wp-json\/wp\/v2\/types\/page"}],"author":[{"embeddable":true,"href":"https:\/\/clinicasaofranciscoipiau.com.br\/index.php\/wp-json\/wp\/v2\/users\/1"}],"replies":[{"embeddable":true,"href":"https:\/\/clinicasaofranciscoipiau.com.br\/index.php\/wp-json\/wp\/v2\/comments?post=412"}],"version-history":[{"count":2,"href":"https:\/\/clinicasaofranciscoipiau.com.br\/index.php\/wp-json\/wp\/v2\/pages\/412\/revisions"}],"predecessor-version":[{"id":429,"href":"https:\/\/clinicasaofranciscoipiau.com.br\/index.php\/wp-json\/wp\/v2\/pages\/412\/revisions\/429"}],"wp:attachment":[{"href":"https:\/\/clinicasaofranciscoipiau.com.br\/index.php\/wp-json\/wp\/v2\/media?parent=412"}],"curies":[{"name":"wp","href":"https:\/\/api.w.org\/{rel}","templated":true}]}}