{"id":411,"date":"2026-05-14T15:55:26","date_gmt":"2026-05-14T18:55:26","guid":{"rendered":"https:\/\/clinicasaofranciscoipiau.com.br\/?page_id=411"},"modified":"2026-05-14T16:03:26","modified_gmt":"2026-05-14T19:03:26","slug":"fisiatria-medicina-fisica-e-reabilitacao","status":"publish","type":"page","link":"https:\/\/clinicasaofranciscoipiau.com.br\/index.php\/fisiatria-medicina-fisica-e-reabilitacao\/","title":{"rendered":"Fisiatria (Medicina F\u00edsica e Reabilita\u00e7\u00e3o)"},"content":{"rendered":"\n<figure class=\"wp-block-image size-full\"><img fetchpriority=\"high\" decoding=\"async\" width=\"1024\" height=\"576\" src=\"https:\/\/clinicasaofranciscoipiau.com.br\/wp-content\/uploads\/2026\/05\/image-2.png\" alt=\"\" class=\"wp-image-416\" srcset=\"https:\/\/clinicasaofranciscoipiau.com.br\/wp-content\/uploads\/2026\/05\/image-2.png 1024w, https:\/\/clinicasaofranciscoipiau.com.br\/wp-content\/uploads\/2026\/05\/image-2-300x169.png 300w, https:\/\/clinicasaofranciscoipiau.com.br\/wp-content\/uploads\/2026\/05\/image-2-768x432.png 768w, https:\/\/clinicasaofranciscoipiau.com.br\/wp-content\/uploads\/2026\/05\/image-2-585x329.png 585w\" sizes=\"(max-width: 1024px) 100vw, 1024px\" \/><\/figure>\n\n\n\n<p>A Fisiatria \u00e9 a \u00e1rea da medicina voltada para a reabilita\u00e7\u00e3o f\u00edsica e o tratamento de doen\u00e7as que causam incapacidade ou dor cr\u00f4nica. O objetivo do fisiatra \u00e9 restaurar a funcionalidade e a qualidade de vida do paciente, focando no que ele &#8220;consegue fazer&#8221; apesar da doen\u00e7a.<\/p>\n\n\n\n<ul class=\"wp-block-list\">\n<li><strong>Import\u00e2ncia Pericial:<\/strong> O m\u00e9dico fisiatra avalia a redu\u00e7\u00e3o da capacidade laboral e as barreiras f\u00edsicas enfrentadas pelo trabalhador, fornecendo a documenta\u00e7\u00e3o necess\u00e1ria para fundamentar pedidos de aposentadoria antecipada conforme a Lei Complementar 142\/2013.<\/li>\n\n\n\n<li><strong>Abordagem:<\/strong> Tratamento de dores persistentes que parecem ter virado rotina e que n\u00e3o apresentaram melhora apenas com fisioterapia convencional.<\/li>\n<\/ul>\n","protected":false},"excerpt":{"rendered":"<p>A Fisiatria \u00e9 a \u00e1rea da medicina voltada para a reabilita\u00e7\u00e3o f\u00edsica e o tratamento de doen\u00e7as que causam incapacidade ou dor cr\u00f4nica. O objetivo do fisiatra \u00e9 restaurar a&hellip;<\/p>\n","protected":false},"author":1,"featured_media":0,"parent":0,"menu_order":0,"comment_status":"closed","ping_status":"closed","template":"","meta":{"content-type":"","_lmt_disableupdate":"","_lmt_disable":"","footnotes":""},"class_list":["post-411","page","type-page","status-publish","hentry"],"_links":{"self":[{"href":"https:\/\/clinicasaofranciscoipiau.com.br\/index.php\/wp-json\/wp\/v2\/pages\/411","targetHints":{"allow":["GET"]}}],"collection":[{"href":"https:\/\/clinicasaofranciscoipiau.com.br\/index.php\/wp-json\/wp\/v2\/pages"}],"about":[{"href":"https:\/\/clinicasaofranciscoipiau.com.br\/index.php\/wp-json\/wp\/v2\/types\/page"}],"author":[{"embeddable":true,"href":"https:\/\/clinicasaofranciscoipiau.com.br\/index.php\/wp-json\/wp\/v2\/users\/1"}],"replies":[{"embeddable":true,"href":"https:\/\/clinicasaofranciscoipiau.com.br\/index.php\/wp-json\/wp\/v2\/comments?post=411"}],"version-history":[{"count":3,"href":"https:\/\/clinicasaofranciscoipiau.com.br\/index.php\/wp-json\/wp\/v2\/pages\/411\/revisions"}],"predecessor-version":[{"id":430,"href":"https:\/\/clinicasaofranciscoipiau.com.br\/index.php\/wp-json\/wp\/v2\/pages\/411\/revisions\/430"}],"wp:attachment":[{"href":"https:\/\/clinicasaofranciscoipiau.com.br\/index.php\/wp-json\/wp\/v2\/media?parent=411"}],"curies":[{"name":"wp","href":"https:\/\/api.w.org\/{rel}","templated":true}]}}